{"id":88,"date":"2017-10-09T18:50:09","date_gmt":"2017-10-09T16:50:09","guid":{"rendered":"http:\/\/teamworker.de\/tw\/?page_id=88"},"modified":"2020-09-11T20:37:07","modified_gmt":"2020-09-11T18:37:07","slug":"teamworker-home","status":"publish","type":"page","link":"https:\/\/www.teamworker.de\/tw\/teamworker-home\/","title":{"rendered":"Vision and Mission Statement"},"content":{"rendered":"<h2>Die Kunst und Wissenschaft der Zusammenarbeit: <strong>TEAMWORK<\/strong> ist unsere Leidenschaft.<\/h2>\n<p>Es wird kaum bestritten (auch von uns nicht), dass Teams und Gruppen in der heutigen Arbeitswelt sehr wichtig sind. Es gibt allerdings sehr viele Diskussionen wie (und wann) Team- und Gruppenarbeit besonders erfolgreich zu gestalten ist. Wir m\u00f6chten Ihnen helfen in dieser Frage die f\u00fcr Sie passenden Antworten zu finden. Es gibt verschiedene Tools und Techniken, die zu einer erfolgreichen und produktiven Zusammenarbeit beitragen k\u00f6nnen. Die Kommunikation in den Gruppen spielt dabei eine besonders wichtige Rolle und bedarf besonderer Aufmerksamkeit. F\u00fcr manche Aufgaben k\u00f6nnen aber auch einzelne Experten bessere Ergebnisse erzielen. Dieses Blog soll helfen die richtige Balance zu finden und Teamarbeit zu optimieren.<\/p>\n<p>Wir schreiben auf diesem Blog \u00fcber verschiedene Aspekte der Teamarbeit. Dabei stellen wir sowohl verschiedene Tools und Techniken vor die dabei helfen k\u00f6nnen online mit virtuellen und verteilten Teams zu arbeiten, als auch ganz klassische Aspekte der Teamarbeit die aus unserer Sicht wichtig sind (aber immer wieder vernachl\u00e4ssigt werden oder gar in Vergessenheit geraten). Gute Teamarbeit ben\u00f6tigt aus unserer Sicht beides: gutes Handwerkszeug und die hohe Kunst vern\u00fcnftig miteinander umzugehen. In einem erfolgreichen und gl\u00fccklichen Team zu arbeiten ist einfach die beste Erfahrung!<\/p>\n<p><a href=\"http:\/\/teamworker.de\/tw\/services\/\"><img loading=\"lazy\" class=\"alignnone wp-image-120 size-full\" src=\"http:\/\/teamworker.de\/tw\/wp-content\/uploads\/2017\/10\/wordcloud-teamworker.png\" alt=\"Teamworker \" width=\"960\" height=\"600\" srcset=\"https:\/\/www.teamworker.de\/tw\/wp-content\/uploads\/2017\/10\/wordcloud-teamworker.png 960w, https:\/\/www.teamworker.de\/tw\/wp-content\/uploads\/2017\/10\/wordcloud-teamworker-300x188.png 300w, https:\/\/www.teamworker.de\/tw\/wp-content\/uploads\/2017\/10\/wordcloud-teamworker-768x480.png 768w\" sizes=\"(max-width: 960px) 100vw, 960px\" \/><\/a><\/p>\n<p><a href=\"http:\/\/teamworker.de\/tw\/kontakt\/\">Wir freuen uns \u00fcber Anregungen und Kommentare!<\/a><\/p>\n","protected":false},"excerpt":{"rendered":"<p>Die Kunst und Wissenschaft der Zusammenarbeit: TEAMWORK ist unsere Leidenschaft. Es wird kaum bestritten (auch von uns nicht), dass Teams und Gruppen in der heutigen Arbeitswelt sehr wichtig sind. Es gibt allerdings sehr viele Diskussionen wie (und wann) Team- und Gruppenarbeit besonders erfolgreich zu gestalten ist. Wir m\u00f6chten Ihnen helfen in dieser Frage die f\u00fcr&hellip;&nbsp;<a href=\"https:\/\/www.teamworker.de\/tw\/teamworker-home\/\" class=\"\" rel=\"bookmark\">Weiterlesen &raquo;<span class=\"screen-reader-text\">Vision and Mission Statement<\/span><\/a><\/p>\n","protected":false},"author":1,"featured_media":0,"parent":0,"menu_order":0,"comment_status":"closed","ping_status":"closed","template":"","meta":{"neve_meta_sidebar":"","neve_meta_container":"","neve_meta_enable_content_width":"","neve_meta_content_width":0,"neve_meta_title_alignment":"","neve_meta_author_avatar":"","neve_post_elements_order":"","neve_meta_disable_header":"","neve_meta_disable_footer":"","neve_meta_disable_title":""},"yoast_head":"<!-- This site is optimized with the Yoast SEO plugin v18.4.1 - https:\/\/yoast.com\/wordpress\/plugins\/seo\/ -->\n<title>Vision and Mission Statement &mdash; TEAMWORKER BLOG<\/title>\n<meta name=\"robots\" content=\"index, follow, max-snippet:-1, max-image-preview:large, max-video-preview:-1\" \/>\n<link rel=\"canonical\" href=\"https:\/\/www.teamworker.de\/tw\/teamworker-home\/\" \/>\n<meta property=\"og:locale\" content=\"de_DE\" \/>\n<meta property=\"og:type\" content=\"article\" \/>\n<meta property=\"og:title\" content=\"Vision and Mission Statement &mdash; TEAMWORKER BLOG\" \/>\n<meta property=\"og:description\" content=\"Die Kunst und Wissenschaft der Zusammenarbeit: TEAMWORK ist unsere Leidenschaft. Es wird kaum bestritten (auch von uns nicht), dass Teams und Gruppen in der heutigen Arbeitswelt sehr wichtig sind. Es gibt allerdings sehr viele Diskussionen wie (und wann) Team- und Gruppenarbeit besonders erfolgreich zu gestalten ist. Wir m\u00f6chten Ihnen helfen in dieser Frage die f\u00fcr&hellip;&nbsp;Weiterlesen &raquo;Vision and Mission Statement\" \/>\n<meta property=\"og:url\" content=\"https:\/\/www.teamworker.de\/tw\/teamworker-home\/\" \/>\n<meta property=\"og:site_name\" content=\"TEAMWORKER BLOG\" \/>\n<meta property=\"article:modified_time\" content=\"2020-09-11T18:37:07+00:00\" \/>\n<meta property=\"og:image\" content=\"http:\/\/teamworker.de\/tw\/wp-content\/uploads\/2017\/10\/wordcloud-teamworker.png\" \/>\n<meta name=\"twitter:card\" content=\"summary_large_image\" \/>\n<meta name=\"twitter:label1\" content=\"Gesch\u00e4tzte Lesezeit\" \/>\n\t<meta name=\"twitter:data1\" content=\"1\u00a0Minute\" \/>\n<script type=\"application\/ld+json\" class=\"yoast-schema-graph\">{\"@context\":\"https:\/\/schema.org\",\"@graph\":[{\"@type\":\"Organization\",\"@id\":\"https:\/\/www.teamworker.de\/tw\/#organization\",\"name\":\"TEAMWORKER\",\"url\":\"https:\/\/www.teamworker.de\/tw\/\",\"sameAs\":[],\"logo\":{\"@type\":\"ImageObject\",\"@id\":\"https:\/\/www.teamworker.de\/tw\/#logo\",\"inLanguage\":\"de\",\"url\":\"https:\/\/www.teamworker.de\/tw\/wp-content\/uploads\/2020\/09\/TEAMWORKER-Logo.jpg\",\"contentUrl\":\"https:\/\/www.teamworker.de\/tw\/wp-content\/uploads\/2020\/09\/TEAMWORKER-Logo.jpg\",\"width\":300,\"height\":200,\"caption\":\"TEAMWORKER\"},\"image\":{\"@id\":\"https:\/\/www.teamworker.de\/tw\/#logo\"}},{\"@type\":\"WebSite\",\"@id\":\"https:\/\/www.teamworker.de\/tw\/#website\",\"url\":\"https:\/\/www.teamworker.de\/tw\/\",\"name\":\"TEAMWORKER BLOG\",\"description\":\"TEAM \u2260 Toll ein anderer machts!\",\"publisher\":{\"@id\":\"https:\/\/www.teamworker.de\/tw\/#organization\"},\"potentialAction\":[{\"@type\":\"SearchAction\",\"target\":{\"@type\":\"EntryPoint\",\"urlTemplate\":\"https:\/\/www.teamworker.de\/tw\/?s={search_term_string}\"},\"query-input\":\"required name=search_term_string\"}],\"inLanguage\":\"de\"},{\"@type\":\"ImageObject\",\"@id\":\"https:\/\/www.teamworker.de\/tw\/teamworker-home\/#primaryimage\",\"inLanguage\":\"de\",\"url\":\"http:\/\/teamworker.de\/tw\/wp-content\/uploads\/2017\/10\/wordcloud-teamworker.png\",\"contentUrl\":\"http:\/\/teamworker.de\/tw\/wp-content\/uploads\/2017\/10\/wordcloud-teamworker.png\"},{\"@type\":\"WebPage\",\"@id\":\"https:\/\/www.teamworker.de\/tw\/teamworker-home\/#webpage\",\"url\":\"https:\/\/www.teamworker.de\/tw\/teamworker-home\/\",\"name\":\"Vision and Mission Statement &mdash; TEAMWORKER BLOG\",\"isPartOf\":{\"@id\":\"https:\/\/www.teamworker.de\/tw\/#website\"},\"primaryImageOfPage\":{\"@id\":\"https:\/\/www.teamworker.de\/tw\/teamworker-home\/#primaryimage\"},\"datePublished\":\"2017-10-09T16:50:09+00:00\",\"dateModified\":\"2020-09-11T18:37:07+00:00\",\"breadcrumb\":{\"@id\":\"https:\/\/www.teamworker.de\/tw\/teamworker-home\/#breadcrumb\"},\"inLanguage\":\"de\",\"potentialAction\":[{\"@type\":\"ReadAction\",\"target\":[\"https:\/\/www.teamworker.de\/tw\/teamworker-home\/\"]}]},{\"@type\":\"BreadcrumbList\",\"@id\":\"https:\/\/www.teamworker.de\/tw\/teamworker-home\/#breadcrumb\",\"itemListElement\":[{\"@type\":\"ListItem\",\"position\":1,\"name\":\"Startseite\",\"item\":\"https:\/\/www.teamworker.de\/tw\/\"},{\"@type\":\"ListItem\",\"position\":2,\"name\":\"Vision and Mission Statement\"}]}]}<\/script>\n<!-- \/ Yoast SEO plugin. -->","yoast_head_json":{"title":"Vision and Mission Statement &mdash; TEAMWORKER BLOG","robots":{"index":"index","follow":"follow","max-snippet":"max-snippet:-1","max-image-preview":"max-image-preview:large","max-video-preview":"max-video-preview:-1"},"canonical":"https:\/\/www.teamworker.de\/tw\/teamworker-home\/","og_locale":"de_DE","og_type":"article","og_title":"Vision and Mission Statement &mdash; TEAMWORKER BLOG","og_description":"Die Kunst und Wissenschaft der Zusammenarbeit: TEAMWORK ist unsere Leidenschaft. Es wird kaum bestritten (auch von uns nicht), dass Teams und Gruppen in der heutigen Arbeitswelt sehr wichtig sind. Es gibt allerdings sehr viele Diskussionen wie (und wann) Team- und Gruppenarbeit besonders erfolgreich zu gestalten ist. Wir m\u00f6chten Ihnen helfen in dieser Frage die f\u00fcr&hellip;&nbsp;Weiterlesen &raquo;Vision and Mission Statement","og_url":"https:\/\/www.teamworker.de\/tw\/teamworker-home\/","og_site_name":"TEAMWORKER BLOG","article_modified_time":"2020-09-11T18:37:07+00:00","og_image":[{"url":"http:\/\/teamworker.de\/tw\/wp-content\/uploads\/2017\/10\/wordcloud-teamworker.png"}],"twitter_card":"summary_large_image","twitter_misc":{"Gesch\u00e4tzte Lesezeit":"1\u00a0Minute"},"schema":{"@context":"https:\/\/schema.org","@graph":[{"@type":"Organization","@id":"https:\/\/www.teamworker.de\/tw\/#organization","name":"TEAMWORKER","url":"https:\/\/www.teamworker.de\/tw\/","sameAs":[],"logo":{"@type":"ImageObject","@id":"https:\/\/www.teamworker.de\/tw\/#logo","inLanguage":"de","url":"https:\/\/www.teamworker.de\/tw\/wp-content\/uploads\/2020\/09\/TEAMWORKER-Logo.jpg","contentUrl":"https:\/\/www.teamworker.de\/tw\/wp-content\/uploads\/2020\/09\/TEAMWORKER-Logo.jpg","width":300,"height":200,"caption":"TEAMWORKER"},"image":{"@id":"https:\/\/www.teamworker.de\/tw\/#logo"}},{"@type":"WebSite","@id":"https:\/\/www.teamworker.de\/tw\/#website","url":"https:\/\/www.teamworker.de\/tw\/","name":"TEAMWORKER BLOG","description":"TEAM \u2260 Toll ein anderer machts!","publisher":{"@id":"https:\/\/www.teamworker.de\/tw\/#organization"},"potentialAction":[{"@type":"SearchAction","target":{"@type":"EntryPoint","urlTemplate":"https:\/\/www.teamworker.de\/tw\/?s={search_term_string}"},"query-input":"required name=search_term_string"}],"inLanguage":"de"},{"@type":"ImageObject","@id":"https:\/\/www.teamworker.de\/tw\/teamworker-home\/#primaryimage","inLanguage":"de","url":"http:\/\/teamworker.de\/tw\/wp-content\/uploads\/2017\/10\/wordcloud-teamworker.png","contentUrl":"http:\/\/teamworker.de\/tw\/wp-content\/uploads\/2017\/10\/wordcloud-teamworker.png"},{"@type":"WebPage","@id":"https:\/\/www.teamworker.de\/tw\/teamworker-home\/#webpage","url":"https:\/\/www.teamworker.de\/tw\/teamworker-home\/","name":"Vision and Mission Statement &mdash; TEAMWORKER BLOG","isPartOf":{"@id":"https:\/\/www.teamworker.de\/tw\/#website"},"primaryImageOfPage":{"@id":"https:\/\/www.teamworker.de\/tw\/teamworker-home\/#primaryimage"},"datePublished":"2017-10-09T16:50:09+00:00","dateModified":"2020-09-11T18:37:07+00:00","breadcrumb":{"@id":"https:\/\/www.teamworker.de\/tw\/teamworker-home\/#breadcrumb"},"inLanguage":"de","potentialAction":[{"@type":"ReadAction","target":["https:\/\/www.teamworker.de\/tw\/teamworker-home\/"]}]},{"@type":"BreadcrumbList","@id":"https:\/\/www.teamworker.de\/tw\/teamworker-home\/#breadcrumb","itemListElement":[{"@type":"ListItem","position":1,"name":"Startseite","item":"https:\/\/www.teamworker.de\/tw\/"},{"@type":"ListItem","position":2,"name":"Vision and Mission Statement"}]}]}},"_links":{"self":[{"href":"https:\/\/www.teamworker.de\/tw\/wp-json\/wp\/v2\/pages\/88"}],"collection":[{"href":"https:\/\/www.teamworker.de\/tw\/wp-json\/wp\/v2\/pages"}],"about":[{"href":"https:\/\/www.teamworker.de\/tw\/wp-json\/wp\/v2\/types\/page"}],"author":[{"embeddable":true,"href":"https:\/\/www.teamworker.de\/tw\/wp-json\/wp\/v2\/users\/1"}],"replies":[{"embeddable":true,"href":"https:\/\/www.teamworker.de\/tw\/wp-json\/wp\/v2\/comments?post=88"}],"version-history":[{"count":10,"href":"https:\/\/www.teamworker.de\/tw\/wp-json\/wp\/v2\/pages\/88\/revisions"}],"predecessor-version":[{"id":150,"href":"https:\/\/www.teamworker.de\/tw\/wp-json\/wp\/v2\/pages\/88\/revisions\/150"}],"wp:attachment":[{"href":"https:\/\/www.teamworker.de\/tw\/wp-json\/wp\/v2\/media?parent=88"}],"curies":[{"name":"wp","href":"https:\/\/api.w.org\/{rel}","templated":true}]}}