{"id":46,"date":"2017-10-04T20:14:40","date_gmt":"2017-10-04T18:14:40","guid":{"rendered":"http:\/\/teamworker.de\/tw\/?page_id=46"},"modified":"2020-10-09T10:55:05","modified_gmt":"2020-10-09T08:55:05","slug":"ueber-uns","status":"publish","type":"page","link":"https:\/\/www.teamworker.de\/tw\/ueber-uns\/","title":{"rendered":"\u00dcber uns"},"content":{"rendered":"<h3 class=\"western\" lang=\"de-DE\"><strong>Dr. Tobias Endre\u00df<\/strong><\/h3>\n<p><img loading=\"lazy\" class=\"alignleft wp-image-143 size-full\" src=\"https:\/\/www.teamworker.de\/tw\/wp-content\/uploads\/2020\/09\/Tobias_Endress_Gambier.jpg\" alt=\"\" width=\"200\" height=\"251\" \/><\/p>\n<p class=\"western\" lang=\"de-DE\">Dr. Tobias Endre\u00df ist Gr\u00fcnder von TEAMWORKER. Er besch\u00e4ftigt sich seit vielen Jahren mit Teams und Gruppen im Gesch\u00e4ftsalltag und Organisationen. In seiner Laufbahn erwarb er zudem fundierte Kenntnisse im Change- und Projektmanagement.<\/p>\n<p class=\"western\" lang=\"de-DE\">Er absolvierte eine Ausbildung zum Bankkaufmann, studierte Informatik und Betriebswirtschaftslehre an der VWA Frankfurt. Er erwarb an der Universit\u00e4t der K\u00fcnste Berlin einen Masterabschluss in Leadership in Digitaler Kommunikation und promovierte in Business Administration an der University of Gloucestershire (UK). Er ist Autor verschiedener B\u00fccher und Artikel in internationalen Fachzeitschriften, insbesondere zu den Themen Business, Innovation, Change, Marketing, sowie Team- und Gruppenverhalten.<\/p>\n<hr \/>\n<h3 lang=\"de-DE\"><\/h3>\n<h3 lang=\"de-DE\"><strong>Barbara M\u00fcrl<br \/>\n<\/strong><\/h3>\n<p lang=\"de-DE\"><strong><img loading=\"lazy\" class=\"alignleft wp-image-47 size-medium\" src=\"https:\/\/www.teamworker.de\/tw\/wp-content\/uploads\/2017\/10\/tsg-barbara-muerl-uin13-200x300.jpg\" alt=\"\" width=\"200\" height=\"300\" srcset=\"https:\/\/www.teamworker.de\/tw\/wp-content\/uploads\/2017\/10\/tsg-barbara-muerl-uin13-200x300.jpg 200w, https:\/\/www.teamworker.de\/tw\/wp-content\/uploads\/2017\/10\/tsg-barbara-muerl-uin13-768x1152.jpg 768w, https:\/\/www.teamworker.de\/tw\/wp-content\/uploads\/2017\/10\/tsg-barbara-muerl-uin13-682x1024.jpg 682w, https:\/\/www.teamworker.de\/tw\/wp-content\/uploads\/2017\/10\/tsg-barbara-muerl-uin13.jpg 1181w\" sizes=\"(max-width: 200px) 100vw, 200px\" \/><\/strong>Barbara M\u00fcrl ist Mitgr\u00fcnderin von TEAMWORKER. Sie ist eine leidenschaftliche Teamworkerin und kann auf \u00fcber 12 Jahre praktische Erfahrung und Ausbildung in verschiedenen Disziplinen zur\u00fcckgreifen. Sie hat nicht nur Erfahrung als Coach in verschiedenen Teambuilding-Events, sondern auch als Instruktorin im Klettergarten und anderen Outdoor-Events. In ihrer beruflichen Laufbahn hat sie zudem als ausgebildete Arzthelferin, psychologische Beraterin und als Steinmetz-\/Steinbildhauer gearbeitet. Sie ist Mutter von 3 Kindern und engagierte Schauspielerin im Laientheater.<strong><br \/>\n<\/strong><\/p>\n<p lang=\"de-DE\">\n<p lang=\"de-DE\">\n<hr \/>\n<h3 lang=\"de-DE\">Gastbeitr\u00e4ge sind bei uns willkommen!<\/h3>\n<p lang=\"de-DE\">Wenn du etwas zum Thema Teamwork sagen m\u00f6chtest, dann kannst du dies auf unserem Blog ver\u00f6ffentlichen. Wir freuen uns \u00fcber Gastautoren und Gastartikel! Schreib uns am besten kurz eine <a href=\"mailto:info[at]teamworker[punkt]de\">Mail<\/a> mit deinem Themenvorschlag oder nutze unser <a href=\"https:\/\/www.teamworker.de\/tw\/kontakt\/\">Kontaktformular<\/a>, um abzukl\u00e4ren, ob dein Thema zu Teamworker passt.<br \/>\nWir machen auch bei gerne bei thematisch passenden Blogtouren mit und sind generell offen f\u00fcr Ideen zur Kooperation &amp; Zusammenarbeit! Wenn du eine Firma bist und gerne mit Teamworker kooperieren w\u00fcrdest, kontaktiere mich gern gesondert per <a href=\"mailto:tobias[at]teamworker[punkt]de\">Email<\/a>.<\/p>\n<hr \/>\n<p lang=\"de-DE\">\n","protected":false},"excerpt":{"rendered":"<p>Dr. Tobias Endre\u00df Dr. Tobias Endre\u00df ist Gr\u00fcnder von TEAMWORKER. Er besch\u00e4ftigt sich seit vielen Jahren mit Teams und Gruppen im Gesch\u00e4ftsalltag und Organisationen. In seiner Laufbahn erwarb er zudem fundierte Kenntnisse im Change- und Projektmanagement. Er absolvierte eine Ausbildung zum Bankkaufmann, studierte Informatik und Betriebswirtschaftslehre an der VWA Frankfurt. Er erwarb an der Universit\u00e4t&hellip;&nbsp;<a href=\"https:\/\/www.teamworker.de\/tw\/ueber-uns\/\" class=\"\" rel=\"bookmark\">Weiterlesen &raquo;<span class=\"screen-reader-text\">\u00dcber uns<\/span><\/a><\/p>\n","protected":false},"author":1,"featured_media":0,"parent":0,"menu_order":0,"comment_status":"closed","ping_status":"closed","template":"","meta":{"neve_meta_sidebar":"","neve_meta_container":"","neve_meta_enable_content_width":"","neve_meta_content_width":0,"neve_meta_title_alignment":"","neve_meta_author_avatar":"","neve_post_elements_order":"","neve_meta_disable_header":"","neve_meta_disable_footer":"","neve_meta_disable_title":""},"yoast_head":"<!-- This site is optimized with the Yoast SEO plugin v18.4.1 - https:\/\/yoast.com\/wordpress\/plugins\/seo\/ -->\n<title>\u00dcber uns &mdash; TEAMWORKER BLOG<\/title>\n<meta name=\"robots\" content=\"index, follow, max-snippet:-1, max-image-preview:large, max-video-preview:-1\" \/>\n<link rel=\"canonical\" href=\"https:\/\/www.teamworker.de\/tw\/ueber-uns\/\" \/>\n<meta property=\"og:locale\" content=\"de_DE\" \/>\n<meta property=\"og:type\" content=\"article\" \/>\n<meta property=\"og:title\" content=\"\u00dcber uns &mdash; TEAMWORKER BLOG\" \/>\n<meta property=\"og:description\" content=\"Dr. Tobias Endre\u00df Dr. Tobias Endre\u00df ist Gr\u00fcnder von TEAMWORKER. Er besch\u00e4ftigt sich seit vielen Jahren mit Teams und Gruppen im Gesch\u00e4ftsalltag und Organisationen. In seiner Laufbahn erwarb er zudem fundierte Kenntnisse im Change- und Projektmanagement. Er absolvierte eine Ausbildung zum Bankkaufmann, studierte Informatik und Betriebswirtschaftslehre an der VWA Frankfurt. Er erwarb an der Universit\u00e4t&hellip;&nbsp;Weiterlesen &raquo;\u00dcber uns\" \/>\n<meta property=\"og:url\" content=\"https:\/\/www.teamworker.de\/tw\/ueber-uns\/\" \/>\n<meta property=\"og:site_name\" content=\"TEAMWORKER BLOG\" \/>\n<meta property=\"article:modified_time\" content=\"2020-10-09T08:55:05+00:00\" \/>\n<meta property=\"og:image\" content=\"https:\/\/www.teamworker.de\/tw\/wp-content\/uploads\/2020\/09\/Tobias_Endress_Gambier.jpg\" \/>\n<meta name=\"twitter:card\" content=\"summary_large_image\" \/>\n<meta name=\"twitter:label1\" content=\"Gesch\u00e4tzte Lesezeit\" \/>\n\t<meta name=\"twitter:data1\" content=\"1\u00a0Minute\" \/>\n<script type=\"application\/ld+json\" class=\"yoast-schema-graph\">{\"@context\":\"https:\/\/schema.org\",\"@graph\":[{\"@type\":\"Organization\",\"@id\":\"https:\/\/www.teamworker.de\/tw\/#organization\",\"name\":\"TEAMWORKER\",\"url\":\"https:\/\/www.teamworker.de\/tw\/\",\"sameAs\":[],\"logo\":{\"@type\":\"ImageObject\",\"@id\":\"https:\/\/www.teamworker.de\/tw\/#logo\",\"inLanguage\":\"de\",\"url\":\"https:\/\/www.teamworker.de\/tw\/wp-content\/uploads\/2020\/09\/TEAMWORKER-Logo.jpg\",\"contentUrl\":\"https:\/\/www.teamworker.de\/tw\/wp-content\/uploads\/2020\/09\/TEAMWORKER-Logo.jpg\",\"width\":300,\"height\":200,\"caption\":\"TEAMWORKER\"},\"image\":{\"@id\":\"https:\/\/www.teamworker.de\/tw\/#logo\"}},{\"@type\":\"WebSite\",\"@id\":\"https:\/\/www.teamworker.de\/tw\/#website\",\"url\":\"https:\/\/www.teamworker.de\/tw\/\",\"name\":\"TEAMWORKER BLOG\",\"description\":\"TEAM \u2260 Toll ein anderer machts!\",\"publisher\":{\"@id\":\"https:\/\/www.teamworker.de\/tw\/#organization\"},\"potentialAction\":[{\"@type\":\"SearchAction\",\"target\":{\"@type\":\"EntryPoint\",\"urlTemplate\":\"https:\/\/www.teamworker.de\/tw\/?s={search_term_string}\"},\"query-input\":\"required name=search_term_string\"}],\"inLanguage\":\"de\"},{\"@type\":\"ImageObject\",\"@id\":\"https:\/\/www.teamworker.de\/tw\/ueber-uns\/#primaryimage\",\"inLanguage\":\"de\",\"url\":\"https:\/\/www.teamworker.de\/tw\/wp-content\/uploads\/2020\/09\/Tobias_Endress_Gambier.jpg\",\"contentUrl\":\"https:\/\/www.teamworker.de\/tw\/wp-content\/uploads\/2020\/09\/Tobias_Endress_Gambier.jpg\",\"width\":200,\"height\":251,\"caption\":\"Tobias Endre\u00df\"},{\"@type\":\"WebPage\",\"@id\":\"https:\/\/www.teamworker.de\/tw\/ueber-uns\/#webpage\",\"url\":\"https:\/\/www.teamworker.de\/tw\/ueber-uns\/\",\"name\":\"\u00dcber uns &mdash; TEAMWORKER BLOG\",\"isPartOf\":{\"@id\":\"https:\/\/www.teamworker.de\/tw\/#website\"},\"primaryImageOfPage\":{\"@id\":\"https:\/\/www.teamworker.de\/tw\/ueber-uns\/#primaryimage\"},\"datePublished\":\"2017-10-04T18:14:40+00:00\",\"dateModified\":\"2020-10-09T08:55:05+00:00\",\"breadcrumb\":{\"@id\":\"https:\/\/www.teamworker.de\/tw\/ueber-uns\/#breadcrumb\"},\"inLanguage\":\"de\",\"potentialAction\":[{\"@type\":\"ReadAction\",\"target\":[\"https:\/\/www.teamworker.de\/tw\/ueber-uns\/\"]}]},{\"@type\":\"BreadcrumbList\",\"@id\":\"https:\/\/www.teamworker.de\/tw\/ueber-uns\/#breadcrumb\",\"itemListElement\":[{\"@type\":\"ListItem\",\"position\":1,\"name\":\"Startseite\",\"item\":\"https:\/\/www.teamworker.de\/tw\/\"},{\"@type\":\"ListItem\",\"position\":2,\"name\":\"\u00dcber uns\"}]}]}<\/script>\n<!-- \/ Yoast SEO plugin. -->","yoast_head_json":{"title":"\u00dcber uns &mdash; TEAMWORKER BLOG","robots":{"index":"index","follow":"follow","max-snippet":"max-snippet:-1","max-image-preview":"max-image-preview:large","max-video-preview":"max-video-preview:-1"},"canonical":"https:\/\/www.teamworker.de\/tw\/ueber-uns\/","og_locale":"de_DE","og_type":"article","og_title":"\u00dcber uns &mdash; TEAMWORKER BLOG","og_description":"Dr. Tobias Endre\u00df Dr. Tobias Endre\u00df ist Gr\u00fcnder von TEAMWORKER. Er besch\u00e4ftigt sich seit vielen Jahren mit Teams und Gruppen im Gesch\u00e4ftsalltag und Organisationen. In seiner Laufbahn erwarb er zudem fundierte Kenntnisse im Change- und Projektmanagement. Er absolvierte eine Ausbildung zum Bankkaufmann, studierte Informatik und Betriebswirtschaftslehre an der VWA Frankfurt. Er erwarb an der Universit\u00e4t&hellip;&nbsp;Weiterlesen &raquo;\u00dcber uns","og_url":"https:\/\/www.teamworker.de\/tw\/ueber-uns\/","og_site_name":"TEAMWORKER BLOG","article_modified_time":"2020-10-09T08:55:05+00:00","og_image":[{"url":"https:\/\/www.teamworker.de\/tw\/wp-content\/uploads\/2020\/09\/Tobias_Endress_Gambier.jpg"}],"twitter_card":"summary_large_image","twitter_misc":{"Gesch\u00e4tzte Lesezeit":"1\u00a0Minute"},"schema":{"@context":"https:\/\/schema.org","@graph":[{"@type":"Organization","@id":"https:\/\/www.teamworker.de\/tw\/#organization","name":"TEAMWORKER","url":"https:\/\/www.teamworker.de\/tw\/","sameAs":[],"logo":{"@type":"ImageObject","@id":"https:\/\/www.teamworker.de\/tw\/#logo","inLanguage":"de","url":"https:\/\/www.teamworker.de\/tw\/wp-content\/uploads\/2020\/09\/TEAMWORKER-Logo.jpg","contentUrl":"https:\/\/www.teamworker.de\/tw\/wp-content\/uploads\/2020\/09\/TEAMWORKER-Logo.jpg","width":300,"height":200,"caption":"TEAMWORKER"},"image":{"@id":"https:\/\/www.teamworker.de\/tw\/#logo"}},{"@type":"WebSite","@id":"https:\/\/www.teamworker.de\/tw\/#website","url":"https:\/\/www.teamworker.de\/tw\/","name":"TEAMWORKER BLOG","description":"TEAM \u2260 Toll ein anderer machts!","publisher":{"@id":"https:\/\/www.teamworker.de\/tw\/#organization"},"potentialAction":[{"@type":"SearchAction","target":{"@type":"EntryPoint","urlTemplate":"https:\/\/www.teamworker.de\/tw\/?s={search_term_string}"},"query-input":"required name=search_term_string"}],"inLanguage":"de"},{"@type":"ImageObject","@id":"https:\/\/www.teamworker.de\/tw\/ueber-uns\/#primaryimage","inLanguage":"de","url":"https:\/\/www.teamworker.de\/tw\/wp-content\/uploads\/2020\/09\/Tobias_Endress_Gambier.jpg","contentUrl":"https:\/\/www.teamworker.de\/tw\/wp-content\/uploads\/2020\/09\/Tobias_Endress_Gambier.jpg","width":200,"height":251,"caption":"Tobias Endre\u00df"},{"@type":"WebPage","@id":"https:\/\/www.teamworker.de\/tw\/ueber-uns\/#webpage","url":"https:\/\/www.teamworker.de\/tw\/ueber-uns\/","name":"\u00dcber uns &mdash; TEAMWORKER BLOG","isPartOf":{"@id":"https:\/\/www.teamworker.de\/tw\/#website"},"primaryImageOfPage":{"@id":"https:\/\/www.teamworker.de\/tw\/ueber-uns\/#primaryimage"},"datePublished":"2017-10-04T18:14:40+00:00","dateModified":"2020-10-09T08:55:05+00:00","breadcrumb":{"@id":"https:\/\/www.teamworker.de\/tw\/ueber-uns\/#breadcrumb"},"inLanguage":"de","potentialAction":[{"@type":"ReadAction","target":["https:\/\/www.teamworker.de\/tw\/ueber-uns\/"]}]},{"@type":"BreadcrumbList","@id":"https:\/\/www.teamworker.de\/tw\/ueber-uns\/#breadcrumb","itemListElement":[{"@type":"ListItem","position":1,"name":"Startseite","item":"https:\/\/www.teamworker.de\/tw\/"},{"@type":"ListItem","position":2,"name":"\u00dcber uns"}]}]}},"_links":{"self":[{"href":"https:\/\/www.teamworker.de\/tw\/wp-json\/wp\/v2\/pages\/46"}],"collection":[{"href":"https:\/\/www.teamworker.de\/tw\/wp-json\/wp\/v2\/pages"}],"about":[{"href":"https:\/\/www.teamworker.de\/tw\/wp-json\/wp\/v2\/types\/page"}],"author":[{"embeddable":true,"href":"https:\/\/www.teamworker.de\/tw\/wp-json\/wp\/v2\/users\/1"}],"replies":[{"embeddable":true,"href":"https:\/\/www.teamworker.de\/tw\/wp-json\/wp\/v2\/comments?post=46"}],"version-history":[{"count":9,"href":"https:\/\/www.teamworker.de\/tw\/wp-json\/wp\/v2\/pages\/46\/revisions"}],"predecessor-version":[{"id":388,"href":"https:\/\/www.teamworker.de\/tw\/wp-json\/wp\/v2\/pages\/46\/revisions\/388"}],"wp:attachment":[{"href":"https:\/\/www.teamworker.de\/tw\/wp-json\/wp\/v2\/media?parent=46"}],"curies":[{"name":"wp","href":"https:\/\/api.w.org\/{rel}","templated":true}]}}