{"id":186,"date":"2020-09-12T01:03:28","date_gmt":"2020-09-11T23:03:28","guid":{"rendered":"https:\/\/www.teamworker.de\/tw\/?page_id=186"},"modified":"2020-09-15T01:04:21","modified_gmt":"2020-09-14T23:04:21","slug":"impressum-und-datenschutzerklaerung","status":"publish","type":"page","link":"https:\/\/www.teamworker.de\/tw\/impressum-und-datenschutzerklaerung\/","title":{"rendered":"Impressum und Datenschutzerkl\u00e4rung"},"content":{"rendered":"\n<p><strong>Angaben gem\u00e4\u00df \u00a7 5 TMG<\/strong><\/p>\n\n\n\n<p>TEAMWORKER.de &#8211; Dr. Tobias Endre\u00df<br>Turmh\u00fcgelweg 9<br>91058 Erlangen<\/p>\n\n\n\n<p><strong>Vertreten durch:<\/strong><br>Dr. Tobias Endre\u00df<\/p>\n\n\n\n<p><strong>Kontakt:<\/strong><br>Telefon: 06196 9997288<br>Fax: 06196 9997289<br>E-Mail:&nbsp;tobias&nbsp;[at] endress [punkt] info<\/p>\n\n\n\n<p><strong>Umsatzsteuer-ID:<\/strong><br>Umsatzsteuer-Identifikationsnummer gem\u00e4\u00df \u00a727a Umsatzsteuergesetz: DE324670007.<br><\/p>\n\n\n\n<p><strong>Verantwortlich f\u00fcr den Inhalt nach \u00a7 55 Abs. 2 RStV:<\/strong><br>Dr. Tobias Endre\u00df<br>Turmh\u00fcgelweg 9<br>91058 Erlangen<\/p>\n\n\n\n<p><strong>Weitere Hinweise:<\/strong><\/p>\n\n\n\n<p><strong>Urheberrecht<\/strong><br>Die durch den Seitenbetreiber erstellten Inhalte und Werke auf diesen Seiten unterliegen dem deutschen Urheberrecht. Die Vervielf\u00e4ltigung, Bearbeitung, Verbreitung und jede Art der Verwertung au\u00dferhalb der Grenzen des Urheberrechtes bed\u00fcrfen der schriftlichen Zustimmung des jeweiligen Autors bzw. Erstellers. Downloads und Kopien dieser Seite sind nur f\u00fcr den privaten, nicht kommerziellen Gebrauch gestattet. Soweit die Inhalte auf dieser Seite nicht vom Betreiber erstellt wurden, werden die Urheberrechte Dritter beachtet. Insbesondere werden Inhalte Dritter als solche gekennzeichnet. Sollten Sie trotzdem auf eine Urheberrechtsverletzung aufmerksam werden, bitten ich um einen entsprechenden Hinweis. Bei Bekanntwerden von Rechtsverletzungen werden ich derartige Inhalte umgehend entfernen.<br><br><strong>Datenschutz<\/strong><br>Die Nutzung meiner Webseite ist in der Regel ohne Angabe personenbezogener Daten m\u00f6glich. Soweit auf unseren Seiten personenbezogene Daten (beispielsweise Name, Anschrift oder eMail-Adressen) erhoben werden, erfolgt dies, soweit m\u00f6glich, stets auf freiwilliger Basis. Diese Daten werden ohne Ihre ausdr\u00fcckliche Zustimmung nicht an Dritte weitergegeben.<br>Ich weise darauf hin, dass die Daten\u00fcbertragung im Internet (z.B. bei der Kommunikation per E-Mail) Sicherheitsl\u00fccken aufweisen kann. Ein l\u00fcckenloser Schutz der Daten vor dem Zugriff durch Dritte ist nicht m\u00f6glich.<br>Der Nutzung von im Rahmen der Impressumspflicht ver\u00f6ffentlichten Kontaktdaten durch Dritte zur \u00dcbersendung von nicht ausdr\u00fccklich angeforderter Werbung und Informationsmaterialien wird hiermit ausdr\u00fccklich widersprochen. Die Betreiber der Seiten behalten sich ausdr\u00fccklich rechtliche Schritte im Falle der unverlangten Zusendung von Werbeinformationen, etwa durch Spam-Mails, vor.<br><br><br><strong>Google Analytics<\/strong><br>Diese Website benutzt Google Analytics, einen Webanalysedienst der Google Inc. (\u201cGoogle\u201c). Google Analytics verwendet sog. \u201cCookies\u201c, Textdateien, die auf Ihrem Computer gespeichert werden und die eine Analyse der Benutzung der Website durch Sie erm\u00f6glicht. Die durch den Cookie erzeugten Informationen \u00fcber Ihre Benutzung dieser Website (einschlie\u00dflich Ihrer IP-Adresse) wird an einen Server von Google in den USA \u00fcbertragen und dort gespeichert. Google wird diese Informationen benutzen, um Ihre Nutzung der Website auszuwerten, um Reports \u00fcber die Websiteaktivit\u00e4ten f\u00fcr die Websitebetreiber zusammenzustellen und um weitere mit der Websitenutzung und der Internetnutzung verbundene Dienstleistungen zu erbringen. Auch wird Google diese Informationen gegebenenfalls an Dritte \u00fcbertragen, sofern dies gesetzlich vorgeschrieben oder soweit Dritte diese Daten im Auftrag von Google verarbeiten. Google wird in keinem Fall Ihre IP-Adresse mit anderen Daten der Google in Verbindung bringen. Sie k\u00f6nnen die Installation der Cookies durch eine entsprechende Einstellung Ihrer Browser Software verhindern; wir weisen Sie jedoch darauf hin, dass Sie in diesem Fall gegebenenfalls nicht s\u00e4mtliche Funktionen dieser Website voll umf\u00e4nglich nutzen k\u00f6nnen. Durch die Nutzung dieser Website erkl\u00e4ren Sie sich mit der Bearbeitung der \u00fcber Sie erhobenen Daten durch Google in der zuvor beschriebenen Art und Weise und zu dem zuvor benannten Zweck einverstanden.<br><br><strong>Google AdSense<\/strong><br>Diese Website kann Google Adsense, einen Webanzeigendienst der Google Inc., USA (\u201cGoogle\u201c). Google Adsense verwenden und sog. \u201cCookies\u201c (Textdateien), die auf Ihrem Computer gespeichert werden und die eine Analyse der Benutzung der Website durch Sie erm\u00f6glicht. Google Adsense verwendet auch sog. \u201cWeb Beacons\u201c (kleine unsichtbare Grafiken) zur Sammlung von Informationen. Durch die Verwendung des Web Beacons k\u00f6nnen einfache Aktionen wie der Besucherverkehr auf der Webseite aufgezeichnet und gesammelt werden. Die durch den Cookie und\/oder Web Beacon erzeugten Informationen \u00fcber Ihre Benutzung dieser Website (einschlie\u00dflich Ihrer IP-Adresse) werden an einen Server von Google in den USA \u00fcbertragen und dort gespeichert. Google wird diese Informationen benutzen, um Ihre Nutzung der Website im Hinblick auf die Anzeigen auszuwerten, um Reports \u00fcber die Websiteaktivit\u00e4ten und Anzeigen f\u00fcr die Websitebetreiber zusammenzustellen und um weitere mit der Websitenutzung und der Internetnutzung verbundene Dienstleistungen zu erbringen. Auch wird Google diese Informationen gegebenenfalls an Dritte \u00fcbertragen, sofern dies gesetzlich vorgeschrieben oder soweit Dritte diese Daten im Auftrag von Google verarbeiten. Google wird in keinem Fall Ihre IP-Adresse mit anderen Daten der Google in Verbindung bringen. Das Speichern von Cookies auf Ihrer Festplatte und die Anzeige von Web Beacons k\u00f6nnen Sie verhindern, indem Sie in Ihren Browser-Einstellungen \u201ckeine Cookies akzeptieren\u201c w\u00e4hlen (Im MS Internet-Explorer unter \u201cExtras &gt; Internetoptionen &gt; Datenschutz &gt; Einstellung\u201c; im Firefox unter \u201cExtras &gt; Einstellungen &gt; Datenschutz &gt; Cookies\u201c); wir weisen Sie jedoch darauf hin, dass Sie in diesem Fall gegebenenfalls nicht s\u00e4mtliche Funktionen dieser Website voll umf\u00e4nglich nutzen k\u00f6nnen. Durch die Nutzung dieser Website erkl\u00e4ren Sie sich mit der Bearbeitung der \u00fcber Sie erhobenen Daten durch Google in der zuvor beschriebenen Art und Weise und zu dem zuvor benannten Zweck einverstanden.<\/p>\n\n\n\n<p><strong>Amazon Partnerprogramm<\/strong><br>Unser Blog wird auch \u00fcber Affiliate-Links finanziert. Durch den Kauf eines Produktes bei einem von uns empfohlenen Artikel erh\u00e4lt Teamworker.de vom Affiliate-Netzwerk eine Umsatzbeteiligung oder einen fixen Betrag gut geschrieben. F\u00fcr dich fallen keine zus\u00e4tzlichen Kosten an.<\/p>\n\n\n\n<p>Anders als andere Webseiten im Internet empfiehlt Teamworker.de \u00fcber Affiliate-Links nur Artikel, von welchen die jeweiligen Autoren auch \u00fcberzeugt sind. Durch den Kauf eines Produkts \u00fcber einen Affiliate-Link unterst\u00fctzt du uns in direkter Weise das Informationsangebot von Teamworker.de und stellst sicher, dass auch k\u00fcnftig gute Artikel erscheinen k\u00f6nnen. Die Betreiber von Teamworker.de nehmen am Amazon EU-Partnerprogramm teil. Auf unseren Seiten werden durch Amazon Werbeanzeigen und Links zur Seite von Amazon.de eingebunden, an denen wir \u00fcber Werbekostenerstattung Geld verdienen k\u00f6nnen. Amazon setzt dazu Cookies ein, um die Herkunft der Bestellungen nachvollziehen zu k\u00f6nnen. Dadurch kann Amazon erkennen, dass du den Partnerlink auf unserer Website geklickt hast.<\/p>\n\n\n\n<p>Die Speicherung von \u201cAmazon-Cookies\u201d erfolgt auf Grundlage von Art. 6 lit. f DSGVO. Der Websitebetreiber hat hieran ein berechtigtes Interesse, da nur durch die Cookies die H\u00f6he seiner Affiliate-Verg\u00fctung feststellbar ist.<\/p>\n\n\n\n<p>Weitere Informationen zur Datennutzung durch Amazon erhalten Sie in der Datenschutzerkl\u00e4rung von Amazon:<\/p>\n\n\n\n<p><a href=\"https:\/\/www.amazon.de\/gp\/help\/customer\/display.html?nodeId=201909010.\">https:\/\/www.amazon.de\/gp\/help\/customer\/display.html?nodeId=201909010.<\/a><\/p>\n\n\n\n<p>Hinweis: Amazon und das Amazon-Logo sind Warenzeichen von Amazon.com, Inc. oder einem seiner verbundenen Unternehmen.<\/p>\n\n\n\n<h5>VG Wort \u2013 Cookies und Meldungen zu Zugriffszahlen<\/h5>\n\n\n\n<p>Wir setzen \u201eSession-Cookies\u201c der VG Wort, M\u00fcnchen, zur Messung von Zugriffen auf Texten ein, um die Kopierwahrscheinlichkeit zu erfassen. Session-Cookies sind kleine Informationseinheiten, die ein Anbieter im Arbeitsspeicher des Computers des Besuchers speichert. In einem Session-Cookie wird eine zuf\u00e4llig erzeugte eindeutige Identifikationsnummer abgelegt, eine sogenannte Session-ID. Au\u00dferdem enth\u00e4lt ein Cookie die Angabe \u00fcber seine Herkunft und die Speicherfrist. Session-Cookies k\u00f6nnen keine anderen Daten speichern. Diese Messungen werden von der Kantar Deutschland GmbH nach dem Skalierbaren Zentralen Messverfahren (SZM) durchgef\u00fchrt. Sie helfen dabei, die Kopierwahrscheinlichkeit einzelner Texte zur Verg\u00fctung von gesetzlichen Anspr\u00fcchen von Autoren und Verlagen zu ermitteln. Wir erfassen keine personenbezogenen Daten \u00fcber Cookies.<\/p>\n\n\n\n<p>Viele unserer Seiten k\u00f6nnen mit JavaScript-Aufrufen versehen sein, \u00fcber die wir die Zugriffe an die Verwertungsgesellschaft Wort (VG Wort) melden.&nbsp;Wir erm\u00f6glichen damit, dass unsere Autoren an den Aussch\u00fcttungen der VG Wort partizipieren, die die gesetzliche Verg\u00fctung f\u00fcr die Nutzungen urheberrechtlich gesch\u00fctzter Werke gem. \u00a7 53 UrhG sicherstellen.<\/p>\n\n\n\n<p>Eine Nutzung unserer Angebote ist auch ohne Cookies m\u00f6glich. Die meisten Browser sind so eingestellt, dass sie Cookies automatisch akzeptieren. Sie k\u00f6nnen das Speichern von Cookies jedoch deaktivieren oder Ihren Browser so einstellen, dass er Sie benachrichtigt, sobald Cookies gesendet werden.<\/p>\n\n\n\n<h5>Datenschutzerkl\u00e4rung zur Nutzung des Skalierbaren Zentralen Messverfahrens<\/h5>\n\n\n\n<p>Unsere Website und unser mobiles Webangebot nutzen das \u201eSkalierbare Zentrale Messverfahren\u201c (SZM) der Kantar Deutschland GmbH f\u00fcr die Ermittlung statistischer Kennwerte zur Ermittlung der Kopierwahrscheinlichkeit von Texten.<\/p>\n\n\n\n<p>Dabei werden anonyme Messwerte erhoben. Die Zugriffszahlenmessung verwendet zur Wiedererkennung von Computersystemen alternativ ein Session-Cookie oder eine Signatur, die aus verschiedenen automatisch \u00fcbertragenen Informationen Ihres Browsers erstellt wird. IP-Adressen werden nur in anonymisierter Form verarbeitet.<\/p>\n\n\n\n<p>Das Verfahren wurde unter der Beachtung des Datenschutzes entwickelt. Einziges Ziel des Verfahrens ist es, die Kopierwahrscheinlichkeit einzelner Texte zu ermitteln.<\/p>\n\n\n\n<p>Zu keinem Zeitpunkt werden einzelne Nutzer identifiziert. Ihre Identit\u00e4t bleibt immer gesch\u00fctzt. Sie erhalten \u00fcber das System keine Werbung.<\/p>\n","protected":false},"excerpt":{"rendered":"<p>Angaben gem\u00e4\u00df \u00a7 5 TMG TEAMWORKER.de &#8211; Dr. Tobias Endre\u00dfTurmh\u00fcgelweg 991058 Erlangen Vertreten durch:Dr. Tobias Endre\u00df Kontakt:Telefon: 06196 9997288Fax: 06196 9997289E-Mail:&nbsp;tobias&nbsp;[at] endress [punkt] info Umsatzsteuer-ID:Umsatzsteuer-Identifikationsnummer gem\u00e4\u00df \u00a727a Umsatzsteuergesetz: DE324670007. Verantwortlich f\u00fcr den Inhalt nach \u00a7 55 Abs. 2 RStV:Dr. Tobias Endre\u00dfTurmh\u00fcgelweg 991058 Erlangen Weitere Hinweise: UrheberrechtDie durch den Seitenbetreiber erstellten Inhalte und Werke auf diesen&hellip;&nbsp;<a href=\"https:\/\/www.teamworker.de\/tw\/impressum-und-datenschutzerklaerung\/\" class=\"\" rel=\"bookmark\">Weiterlesen &raquo;<span class=\"screen-reader-text\">Impressum und Datenschutzerkl\u00e4rung<\/span><\/a><\/p>\n","protected":false},"author":1,"featured_media":0,"parent":0,"menu_order":0,"comment_status":"closed","ping_status":"closed","template":"","meta":{"neve_meta_sidebar":"full-width","neve_meta_container":"","neve_meta_enable_content_width":"on","neve_meta_content_width":100,"neve_meta_title_alignment":"","neve_meta_author_avatar":"","neve_post_elements_order":"","neve_meta_disable_header":"","neve_meta_disable_footer":"","neve_meta_disable_title":""},"yoast_head":"<!-- This site is optimized with the Yoast SEO plugin v18.4.1 - https:\/\/yoast.com\/wordpress\/plugins\/seo\/ -->\n<title>Impressum und Datenschutzerkl\u00e4rung &mdash; TEAMWORKER BLOG<\/title>\n<meta name=\"robots\" content=\"index, follow, max-snippet:-1, max-image-preview:large, max-video-preview:-1\" \/>\n<link rel=\"canonical\" href=\"https:\/\/www.teamworker.de\/tw\/impressum-und-datenschutzerklaerung\/\" \/>\n<meta property=\"og:locale\" content=\"de_DE\" \/>\n<meta property=\"og:type\" content=\"article\" \/>\n<meta property=\"og:title\" content=\"Impressum und Datenschutzerkl\u00e4rung &mdash; TEAMWORKER BLOG\" \/>\n<meta property=\"og:description\" content=\"Angaben gem\u00e4\u00df \u00a7 5 TMG TEAMWORKER.de &#8211; Dr. Tobias Endre\u00dfTurmh\u00fcgelweg 991058 Erlangen Vertreten durch:Dr. Tobias Endre\u00df Kontakt:Telefon: 06196 9997288Fax: 06196 9997289E-Mail:&nbsp;tobias&nbsp;[at] endress [punkt] info Umsatzsteuer-ID:Umsatzsteuer-Identifikationsnummer gem\u00e4\u00df \u00a727a Umsatzsteuergesetz: DE324670007. Verantwortlich f\u00fcr den Inhalt nach \u00a7 55 Abs. 2 RStV:Dr. Tobias Endre\u00dfTurmh\u00fcgelweg 991058 Erlangen Weitere Hinweise: UrheberrechtDie durch den Seitenbetreiber erstellten Inhalte und Werke auf diesen&hellip;&nbsp;Weiterlesen &raquo;Impressum und Datenschutzerkl\u00e4rung\" \/>\n<meta property=\"og:url\" content=\"https:\/\/www.teamworker.de\/tw\/impressum-und-datenschutzerklaerung\/\" \/>\n<meta property=\"og:site_name\" content=\"TEAMWORKER BLOG\" \/>\n<meta property=\"article:modified_time\" content=\"2020-09-14T23:04:21+00:00\" \/>\n<meta name=\"twitter:card\" content=\"summary_large_image\" \/>\n<meta name=\"twitter:label1\" content=\"Gesch\u00e4tzte Lesezeit\" \/>\n\t<meta name=\"twitter:data1\" content=\"7\u00a0Minuten\" \/>\n<script type=\"application\/ld+json\" class=\"yoast-schema-graph\">{\"@context\":\"https:\/\/schema.org\",\"@graph\":[{\"@type\":\"Organization\",\"@id\":\"https:\/\/www.teamworker.de\/tw\/#organization\",\"name\":\"TEAMWORKER\",\"url\":\"https:\/\/www.teamworker.de\/tw\/\",\"sameAs\":[],\"logo\":{\"@type\":\"ImageObject\",\"@id\":\"https:\/\/www.teamworker.de\/tw\/#logo\",\"inLanguage\":\"de\",\"url\":\"https:\/\/www.teamworker.de\/tw\/wp-content\/uploads\/2020\/09\/TEAMWORKER-Logo.jpg\",\"contentUrl\":\"https:\/\/www.teamworker.de\/tw\/wp-content\/uploads\/2020\/09\/TEAMWORKER-Logo.jpg\",\"width\":300,\"height\":200,\"caption\":\"TEAMWORKER\"},\"image\":{\"@id\":\"https:\/\/www.teamworker.de\/tw\/#logo\"}},{\"@type\":\"WebSite\",\"@id\":\"https:\/\/www.teamworker.de\/tw\/#website\",\"url\":\"https:\/\/www.teamworker.de\/tw\/\",\"name\":\"TEAMWORKER BLOG\",\"description\":\"TEAM \u2260 Toll ein anderer machts!\",\"publisher\":{\"@id\":\"https:\/\/www.teamworker.de\/tw\/#organization\"},\"potentialAction\":[{\"@type\":\"SearchAction\",\"target\":{\"@type\":\"EntryPoint\",\"urlTemplate\":\"https:\/\/www.teamworker.de\/tw\/?s={search_term_string}\"},\"query-input\":\"required name=search_term_string\"}],\"inLanguage\":\"de\"},{\"@type\":\"WebPage\",\"@id\":\"https:\/\/www.teamworker.de\/tw\/impressum-und-datenschutzerklaerung\/#webpage\",\"url\":\"https:\/\/www.teamworker.de\/tw\/impressum-und-datenschutzerklaerung\/\",\"name\":\"Impressum und Datenschutzerkl\u00e4rung &mdash; TEAMWORKER BLOG\",\"isPartOf\":{\"@id\":\"https:\/\/www.teamworker.de\/tw\/#website\"},\"datePublished\":\"2020-09-11T23:03:28+00:00\",\"dateModified\":\"2020-09-14T23:04:21+00:00\",\"breadcrumb\":{\"@id\":\"https:\/\/www.teamworker.de\/tw\/impressum-und-datenschutzerklaerung\/#breadcrumb\"},\"inLanguage\":\"de\",\"potentialAction\":[{\"@type\":\"ReadAction\",\"target\":[\"https:\/\/www.teamworker.de\/tw\/impressum-und-datenschutzerklaerung\/\"]}]},{\"@type\":\"BreadcrumbList\",\"@id\":\"https:\/\/www.teamworker.de\/tw\/impressum-und-datenschutzerklaerung\/#breadcrumb\",\"itemListElement\":[{\"@type\":\"ListItem\",\"position\":1,\"name\":\"Startseite\",\"item\":\"https:\/\/www.teamworker.de\/tw\/\"},{\"@type\":\"ListItem\",\"position\":2,\"name\":\"Impressum und Datenschutzerkl\u00e4rung\"}]}]}<\/script>\n<!-- \/ Yoast SEO plugin. -->","yoast_head_json":{"title":"Impressum und Datenschutzerkl\u00e4rung &mdash; TEAMWORKER BLOG","robots":{"index":"index","follow":"follow","max-snippet":"max-snippet:-1","max-image-preview":"max-image-preview:large","max-video-preview":"max-video-preview:-1"},"canonical":"https:\/\/www.teamworker.de\/tw\/impressum-und-datenschutzerklaerung\/","og_locale":"de_DE","og_type":"article","og_title":"Impressum und Datenschutzerkl\u00e4rung &mdash; TEAMWORKER BLOG","og_description":"Angaben gem\u00e4\u00df \u00a7 5 TMG TEAMWORKER.de &#8211; Dr. Tobias Endre\u00dfTurmh\u00fcgelweg 991058 Erlangen Vertreten durch:Dr. Tobias Endre\u00df Kontakt:Telefon: 06196 9997288Fax: 06196 9997289E-Mail:&nbsp;tobias&nbsp;[at] endress [punkt] info Umsatzsteuer-ID:Umsatzsteuer-Identifikationsnummer gem\u00e4\u00df \u00a727a Umsatzsteuergesetz: DE324670007. Verantwortlich f\u00fcr den Inhalt nach \u00a7 55 Abs. 2 RStV:Dr. Tobias Endre\u00dfTurmh\u00fcgelweg 991058 Erlangen Weitere Hinweise: UrheberrechtDie durch den Seitenbetreiber erstellten Inhalte und Werke auf diesen&hellip;&nbsp;Weiterlesen &raquo;Impressum und Datenschutzerkl\u00e4rung","og_url":"https:\/\/www.teamworker.de\/tw\/impressum-und-datenschutzerklaerung\/","og_site_name":"TEAMWORKER BLOG","article_modified_time":"2020-09-14T23:04:21+00:00","twitter_card":"summary_large_image","twitter_misc":{"Gesch\u00e4tzte Lesezeit":"7\u00a0Minuten"},"schema":{"@context":"https:\/\/schema.org","@graph":[{"@type":"Organization","@id":"https:\/\/www.teamworker.de\/tw\/#organization","name":"TEAMWORKER","url":"https:\/\/www.teamworker.de\/tw\/","sameAs":[],"logo":{"@type":"ImageObject","@id":"https:\/\/www.teamworker.de\/tw\/#logo","inLanguage":"de","url":"https:\/\/www.teamworker.de\/tw\/wp-content\/uploads\/2020\/09\/TEAMWORKER-Logo.jpg","contentUrl":"https:\/\/www.teamworker.de\/tw\/wp-content\/uploads\/2020\/09\/TEAMWORKER-Logo.jpg","width":300,"height":200,"caption":"TEAMWORKER"},"image":{"@id":"https:\/\/www.teamworker.de\/tw\/#logo"}},{"@type":"WebSite","@id":"https:\/\/www.teamworker.de\/tw\/#website","url":"https:\/\/www.teamworker.de\/tw\/","name":"TEAMWORKER BLOG","description":"TEAM \u2260 Toll ein anderer machts!","publisher":{"@id":"https:\/\/www.teamworker.de\/tw\/#organization"},"potentialAction":[{"@type":"SearchAction","target":{"@type":"EntryPoint","urlTemplate":"https:\/\/www.teamworker.de\/tw\/?s={search_term_string}"},"query-input":"required name=search_term_string"}],"inLanguage":"de"},{"@type":"WebPage","@id":"https:\/\/www.teamworker.de\/tw\/impressum-und-datenschutzerklaerung\/#webpage","url":"https:\/\/www.teamworker.de\/tw\/impressum-und-datenschutzerklaerung\/","name":"Impressum und Datenschutzerkl\u00e4rung &mdash; TEAMWORKER BLOG","isPartOf":{"@id":"https:\/\/www.teamworker.de\/tw\/#website"},"datePublished":"2020-09-11T23:03:28+00:00","dateModified":"2020-09-14T23:04:21+00:00","breadcrumb":{"@id":"https:\/\/www.teamworker.de\/tw\/impressum-und-datenschutzerklaerung\/#breadcrumb"},"inLanguage":"de","potentialAction":[{"@type":"ReadAction","target":["https:\/\/www.teamworker.de\/tw\/impressum-und-datenschutzerklaerung\/"]}]},{"@type":"BreadcrumbList","@id":"https:\/\/www.teamworker.de\/tw\/impressum-und-datenschutzerklaerung\/#breadcrumb","itemListElement":[{"@type":"ListItem","position":1,"name":"Startseite","item":"https:\/\/www.teamworker.de\/tw\/"},{"@type":"ListItem","position":2,"name":"Impressum und Datenschutzerkl\u00e4rung"}]}]}},"_links":{"self":[{"href":"https:\/\/www.teamworker.de\/tw\/wp-json\/wp\/v2\/pages\/186"}],"collection":[{"href":"https:\/\/www.teamworker.de\/tw\/wp-json\/wp\/v2\/pages"}],"about":[{"href":"https:\/\/www.teamworker.de\/tw\/wp-json\/wp\/v2\/types\/page"}],"author":[{"embeddable":true,"href":"https:\/\/www.teamworker.de\/tw\/wp-json\/wp\/v2\/users\/1"}],"replies":[{"embeddable":true,"href":"https:\/\/www.teamworker.de\/tw\/wp-json\/wp\/v2\/comments?post=186"}],"version-history":[{"count":4,"href":"https:\/\/www.teamworker.de\/tw\/wp-json\/wp\/v2\/pages\/186\/revisions"}],"predecessor-version":[{"id":311,"href":"https:\/\/www.teamworker.de\/tw\/wp-json\/wp\/v2\/pages\/186\/revisions\/311"}],"wp:attachment":[{"href":"https:\/\/www.teamworker.de\/tw\/wp-json\/wp\/v2\/media?parent=186"}],"curies":[{"name":"wp","href":"https:\/\/api.w.org\/{rel}","templated":true}]}}